{"id":1261,"date":"2023-11-16T04:51:12","date_gmt":"2023-11-16T04:51:12","guid":{"rendered":"https:\/\/servertechcol.co\/?page_id=1261"},"modified":"2024-03-30T15:13:22","modified_gmt":"2024-03-30T15:13:22","slug":"consultoria-gestion-ti","status":"publish","type":"page","link":"https:\/\/servertechcol.co\/index.php\/servicios\/consultoria-gestion-ti\/","title":{"rendered":"Consultor\u00eda Gesti\u00f3n TI"},"content":{"rendered":"\t\t<div data-elementor-type=\"wp-page\" data-elementor-id=\"1261\" class=\"elementor elementor-1261\">\n\t\t\t\t\t\t\t\t\t<section class=\"elementor-section elementor-top-section elementor-element elementor-element-6d11da7 elementor-section-full_width elementor-section-height-default elementor-section-height-default\" data-id=\"6d11da7\" data-element_type=\"section\" data-settings=\"{&quot;background_background&quot;:&quot;classic&quot;}\">\n\t\t\t\t\t\t\t<div class=\"elementor-background-overlay\"><\/div>\n\t\t\t\t\t\t\t<div class=\"elementor-container elementor-column-gap-default\">\n\t\t\t\t\t<div class=\"elementor-column elementor-col-100 elementor-top-column elementor-element elementor-element-9ad052f\" data-id=\"9ad052f\" data-element_type=\"column\" data-settings=\"{&quot;background_background&quot;:&quot;classic&quot;}\">\n\t\t\t<div class=\"elementor-widget-wrap elementor-element-populated\">\n\t\t\t\t\t\t\t\t<section class=\"elementor-section elementor-inner-section elementor-element elementor-element-8ef0daf elementor-section-boxed elementor-section-height-default elementor-section-height-default\" data-id=\"8ef0daf\" data-element_type=\"section\">\n\t\t\t\t\t\t<div class=\"elementor-container elementor-column-gap-default\">\n\t\t\t\t\t<div class=\"elementor-column elementor-col-100 elementor-inner-column elementor-element elementor-element-761c32c\" data-id=\"761c32c\" data-element_type=\"column\">\n\t\t\t<div class=\"elementor-widget-wrap elementor-element-populated\">\n\t\t\t\t\t\t\t\t<div class=\"elementor-element elementor-element-e5001c3 elementor-widget__width-auto elementor-icon-list--layout-traditional elementor-list-item-link-full_width elementor-widget elementor-widget-icon-list\" data-id=\"e5001c3\" data-element_type=\"widget\" data-widget_type=\"icon-list.default\">\n\t\t\t\t<div class=\"elementor-widget-container\">\n\t\t\t<link rel=\"stylesheet\" href=\"https:\/\/servertechcol.co\/wp-content\/plugins\/elementor\/assets\/css\/widget-icon-list.min.css\">\t\t<ul class=\"elementor-icon-list-items\">\n\t\t\t\t\t\t\t<li class=\"elementor-icon-list-item\">\n\t\t\t\t\t\t\t\t\t\t\t<a href=\"#\">\n\n\t\t\t\t\t\t\t\t\t\t\t<span class=\"elementor-icon-list-text\">Home<\/span>\n\t\t\t\t\t\t\t\t\t\t\t<\/a>\n\t\t\t\t\t\t\t\t\t<\/li>\n\t\t\t\t\t\t<\/ul>\n\t\t\t\t<\/div>\n\t\t\t\t<\/div>\n\t\t\t\t<div class=\"elementor-element elementor-element-a689ce6 elementor-widget__width-auto elementor-widget elementor-widget-heading\" data-id=\"a689ce6\" data-element_type=\"widget\" data-widget_type=\"heading.default\">\n\t\t\t\t<div class=\"elementor-widget-container\">\n\t\t\t<style>\/*! elementor - v3.16.0 - 20-09-2023 *\/\n.elementor-heading-title{padding:0;margin:0;line-height:1}.elementor-widget-heading .elementor-heading-title[class*=elementor-size-]>a{color:inherit;font-size:inherit;line-height:inherit}.elementor-widget-heading .elementor-heading-title.elementor-size-small{font-size:15px}.elementor-widget-heading .elementor-heading-title.elementor-size-medium{font-size:19px}.elementor-widget-heading .elementor-heading-title.elementor-size-large{font-size:29px}.elementor-widget-heading .elementor-heading-title.elementor-size-xl{font-size:39px}.elementor-widget-heading .elementor-heading-title.elementor-size-xxl{font-size:59px}<\/style><h6 class=\"elementor-heading-title elementor-size-default\">\/<\/h6>\t\t<\/div>\n\t\t\t\t<\/div>\n\t\t\t\t<div class=\"elementor-element elementor-element-6c29845 elementor-widget__width-auto elementor-icon-list--layout-traditional elementor-list-item-link-full_width elementor-widget elementor-widget-icon-list\" data-id=\"6c29845\" data-element_type=\"widget\" data-widget_type=\"icon-list.default\">\n\t\t\t\t<div class=\"elementor-widget-container\">\n\t\t\t\t\t<ul class=\"elementor-icon-list-items\">\n\t\t\t\t\t\t\t<li class=\"elementor-icon-list-item\">\n\t\t\t\t\t\t\t\t\t\t<span class=\"elementor-icon-list-text\">Servicios<\/span>\n\t\t\t\t\t\t\t\t\t<\/li>\n\t\t\t\t\t\t<\/ul>\n\t\t\t\t<\/div>\n\t\t\t\t<\/div>\n\t\t\t\t<div class=\"elementor-element elementor-element-beab9ee elementor-widget elementor-widget-heading\" data-id=\"beab9ee\" data-element_type=\"widget\" data-widget_type=\"heading.default\">\n\t\t\t\t<div class=\"elementor-widget-container\">\n\t\t\t<h1 class=\"elementor-heading-title elementor-size-default\">Consultor\u00eda Gesti\u00f3n  TI.<\/h1>\t\t<\/div>\n\t\t\t\t<\/div>\n\t\t\t\t\t<\/div>\n\t\t<\/div>\n\t\t\t\t\t\t\t<\/div>\n\t\t<\/section>\n\t\t\t\t\t<\/div>\n\t\t<\/div>\n\t\t\t\t\t\t\t<\/div>\n\t\t<\/section>\n\t\t\t\t<section class=\"elementor-section elementor-top-section elementor-element elementor-element-9f8c0c5 elementor-section-boxed elementor-section-height-default elementor-section-height-default\" data-id=\"9f8c0c5\" data-element_type=\"section\">\n\t\t\t\t\t\t<div class=\"elementor-container elementor-column-gap-default\">\n\t\t\t\t\t<div class=\"elementor-column elementor-col-50 elementor-top-column elementor-element elementor-element-25bbf6b\" data-id=\"25bbf6b\" data-element_type=\"column\">\n\t\t\t<div class=\"elementor-widget-wrap elementor-element-populated\">\n\t\t\t\t\t\t\t\t<div class=\"elementor-element elementor-element-a038e43 elementor-widget__width-auto elementor-widget-divider--view-line elementor-widget elementor-widget-divider\" data-id=\"a038e43\" data-element_type=\"widget\" data-widget_type=\"divider.default\">\n\t\t\t\t<div class=\"elementor-widget-container\">\n\t\t\t<style>\/*! elementor - v3.16.0 - 20-09-2023 *\/\n.elementor-widget-divider{--divider-border-style:none;--divider-border-width:1px;--divider-color:#0c0d0e;--divider-icon-size:20px;--divider-element-spacing:10px;--divider-pattern-height:24px;--divider-pattern-size:20px;--divider-pattern-url:none;--divider-pattern-repeat:repeat-x}.elementor-widget-divider .elementor-divider{display:flex}.elementor-widget-divider .elementor-divider__text{font-size:15px;line-height:1;max-width:95%}.elementor-widget-divider .elementor-divider__element{margin:0 var(--divider-element-spacing);flex-shrink:0}.elementor-widget-divider .elementor-icon{font-size:var(--divider-icon-size)}.elementor-widget-divider .elementor-divider-separator{display:flex;margin:0;direction:ltr}.elementor-widget-divider--view-line_icon .elementor-divider-separator,.elementor-widget-divider--view-line_text .elementor-divider-separator{align-items:center}.elementor-widget-divider--view-line_icon .elementor-divider-separator:after,.elementor-widget-divider--view-line_icon .elementor-divider-separator:before,.elementor-widget-divider--view-line_text .elementor-divider-separator:after,.elementor-widget-divider--view-line_text .elementor-divider-separator:before{display:block;content:\"\";border-bottom:0;flex-grow:1;border-top:var(--divider-border-width) var(--divider-border-style) var(--divider-color)}.elementor-widget-divider--element-align-left .elementor-divider .elementor-divider-separator>.elementor-divider__svg:first-of-type{flex-grow:0;flex-shrink:100}.elementor-widget-divider--element-align-left .elementor-divider-separator:before{content:none}.elementor-widget-divider--element-align-left .elementor-divider__element{margin-left:0}.elementor-widget-divider--element-align-right .elementor-divider .elementor-divider-separator>.elementor-divider__svg:last-of-type{flex-grow:0;flex-shrink:100}.elementor-widget-divider--element-align-right .elementor-divider-separator:after{content:none}.elementor-widget-divider--element-align-right .elementor-divider__element{margin-right:0}.elementor-widget-divider:not(.elementor-widget-divider--view-line_text):not(.elementor-widget-divider--view-line_icon) .elementor-divider-separator{border-top:var(--divider-border-width) var(--divider-border-style) var(--divider-color)}.elementor-widget-divider--separator-type-pattern{--divider-border-style:none}.elementor-widget-divider--separator-type-pattern.elementor-widget-divider--view-line .elementor-divider-separator,.elementor-widget-divider--separator-type-pattern:not(.elementor-widget-divider--view-line) .elementor-divider-separator:after,.elementor-widget-divider--separator-type-pattern:not(.elementor-widget-divider--view-line) .elementor-divider-separator:before,.elementor-widget-divider--separator-type-pattern:not([class*=elementor-widget-divider--view]) .elementor-divider-separator{width:100%;min-height:var(--divider-pattern-height);-webkit-mask-size:var(--divider-pattern-size) 100%;mask-size:var(--divider-pattern-size) 100%;-webkit-mask-repeat:var(--divider-pattern-repeat);mask-repeat:var(--divider-pattern-repeat);background-color:var(--divider-color);-webkit-mask-image:var(--divider-pattern-url);mask-image:var(--divider-pattern-url)}.elementor-widget-divider--no-spacing{--divider-pattern-size:auto}.elementor-widget-divider--bg-round{--divider-pattern-repeat:round}.rtl .elementor-widget-divider .elementor-divider__text{direction:rtl}.e-con-inner>.elementor-widget-divider,.e-con>.elementor-widget-divider{width:var(--container-widget-width,100%);--flex-grow:var(--container-widget-flex-grow)}<\/style>\t\t<div class=\"elementor-divider\">\n\t\t\t<span class=\"elementor-divider-separator\">\n\t\t\t\t\t\t<\/span>\n\t\t<\/div>\n\t\t\t\t<\/div>\n\t\t\t\t<\/div>\n\t\t\t\t<div class=\"elementor-element elementor-element-c8130ba elementor-widget elementor-widget-heading\" data-id=\"c8130ba\" data-element_type=\"widget\" data-widget_type=\"heading.default\">\n\t\t\t\t<div class=\"elementor-widget-container\">\n\t\t\t<h2 class=\"elementor-heading-title elementor-size-default\">Consultor\u00eda Gesti\u00f3n  TI.<\/h2>\t\t<\/div>\n\t\t\t\t<\/div>\n\t\t<div class=\"elementor-element elementor-element-bfb1fbf e-flex e-con-boxed e-con e-parent\" data-id=\"bfb1fbf\" data-element_type=\"container\" data-settings=\"{&quot;content_width&quot;:&quot;boxed&quot;}\" data-core-v316-plus=\"true\">\n\t\t\t\t\t<div class=\"e-con-inner\">\n\t\t\t\t<div class=\"elementor-element elementor-element-32fb615 elementor-widget__width-initial elementor-invisible elementor-widget elementor-widget-image\" data-id=\"32fb615\" data-element_type=\"widget\" data-settings=\"{&quot;_animation&quot;:&quot;fadeInLeft&quot;}\" data-widget_type=\"image.default\">\n\t\t\t\t<div class=\"elementor-widget-container\">\n\t\t\t<style>\/*! elementor - v3.16.0 - 20-09-2023 *\/\n.elementor-widget-image{text-align:center}.elementor-widget-image a{display:inline-block}.elementor-widget-image a img[src$=\".svg\"]{width:48px}.elementor-widget-image img{vertical-align:middle;display:inline-block}<\/style>\t\t\t\t\t\t\t\t\t\t\t\t<img loading=\"lazy\" decoding=\"async\" width=\"800\" height=\"534\" src=\"https:\/\/servertechcol.co\/wp-content\/uploads\/2023\/11\/gente-negocios-oficina-conectada-concepto-red-internet-empresa-nueva-creacion-1024x683.jpg\" class=\"attachment-large size-large wp-image-1517\" alt=\"\" srcset=\"https:\/\/servertechcol.co\/wp-content\/uploads\/2023\/11\/gente-negocios-oficina-conectada-concepto-red-internet-empresa-nueva-creacion-1024x683.jpg 1024w, https:\/\/servertechcol.co\/wp-content\/uploads\/2023\/11\/gente-negocios-oficina-conectada-concepto-red-internet-empresa-nueva-creacion-300x200.jpg 300w, https:\/\/servertechcol.co\/wp-content\/uploads\/2023\/11\/gente-negocios-oficina-conectada-concepto-red-internet-empresa-nueva-creacion-768x513.jpg 768w, https:\/\/servertechcol.co\/wp-content\/uploads\/2023\/11\/gente-negocios-oficina-conectada-concepto-red-internet-empresa-nueva-creacion-1536x1025.jpg 1536w, https:\/\/servertechcol.co\/wp-content\/uploads\/2023\/11\/gente-negocios-oficina-conectada-concepto-red-internet-empresa-nueva-creacion-2048x1367.jpg 2048w\" sizes=\"auto, (max-width: 800px) 100vw, 800px\" \/>\t\t\t\t\t\t\t\t\t\t\t\t\t\t\t<\/div>\n\t\t\t\t<\/div>\n\t\t\t\t\t<\/div>\n\t\t\t\t<\/div>\n\t\t\t\t\t<\/div>\n\t\t<\/div>\n\t\t\t\t<div class=\"elementor-column elementor-col-50 elementor-top-column elementor-element elementor-element-4340266\" data-id=\"4340266\" data-element_type=\"column\">\n\t\t\t<div class=\"elementor-widget-wrap elementor-element-populated\">\n\t\t\t\t\t\t\t\t<div class=\"elementor-element elementor-element-0c88450 elementor-invisible elementor-widget elementor-widget-text-editor\" data-id=\"0c88450\" data-element_type=\"widget\" data-settings=\"{&quot;_animation&quot;:&quot;fadeInRight&quot;}\" data-widget_type=\"text-editor.default\">\n\t\t\t\t<div class=\"elementor-widget-container\">\n\t\t\t<style>\/*! elementor - v3.16.0 - 20-09-2023 *\/\n.elementor-widget-text-editor.elementor-drop-cap-view-stacked .elementor-drop-cap{background-color:#69727d;color:#fff}.elementor-widget-text-editor.elementor-drop-cap-view-framed .elementor-drop-cap{color:#69727d;border:3px solid;background-color:transparent}.elementor-widget-text-editor:not(.elementor-drop-cap-view-default) .elementor-drop-cap{margin-top:8px}.elementor-widget-text-editor:not(.elementor-drop-cap-view-default) .elementor-drop-cap-letter{width:1em;height:1em}.elementor-widget-text-editor .elementor-drop-cap{float:left;text-align:center;line-height:1;font-size:50px}.elementor-widget-text-editor .elementor-drop-cap-letter{display:inline-block}<\/style>\t\t\t\t<p><span data-contrast=\"auto\">\u00bfNecesitas orientaci\u00f3n estrat\u00e9gica para optimizar tus recursos tecnol\u00f3gicos? En <strong>SERVERTECH COLOMBIA S.A.S<\/strong> contamos con un equipo de profesionales de alto nivel con s\u00f3lida experiencia, disciplina y mejores pr\u00e1cticas que le ayudar\u00e1n a trazar un camino claro hacia la innovaci\u00f3n y la eficiencia.<\/span><span data-ccp-props=\"{&quot;201341983&quot;:0,&quot;335551550&quot;:6,&quot;335551620&quot;:6,&quot;335559739&quot;:160,&quot;335559740&quot;:259}\">\u00a0<\/span><\/p><p><span data-contrast=\"auto\">Apoyamos a nuestros clientes en la consecuci\u00f3n de proyectos de transformaci\u00f3n en: Infraestructura, Operaciones, Aplicaciones, y\/o cualquier otra necesidad\u00a0 TI identificada con Plataformas Tecnol\u00f3gicas\u00a0 desde el proceso de\u00a0 an\u00e1lisis\u00a0 del proyecto hasta la ejecuci\u00f3n eficiente y entrega de\u00a0 documentaci\u00f3n del mismo, pasando por entendimiento, mejoras, presupuestos, <span class=\"TextRun SCXW141737126 BCX8\" lang=\"ES-ES\" xml:lang=\"ES-ES\" data-contrast=\"auto\"><span class=\"NormalTextRun SCXW141737126 BCX8\">factibilidad, riesgos, costos y beneficios, para asegurar el \u00e9xito del proyecto y la satisfacci\u00f3n del cliente.<\/span><\/span><\/span><\/p>\t\t\t\t\t\t<\/div>\n\t\t\t\t<\/div>\n\t\t\t\t\t<\/div>\n\t\t<\/div>\n\t\t\t\t\t\t\t<\/div>\n\t\t<\/section>\n\t\t\t\t<section class=\"elementor-section elementor-top-section elementor-element elementor-element-c83479a elementor-section-boxed elementor-section-height-default elementor-section-height-default\" data-id=\"c83479a\" data-element_type=\"section\" data-settings=\"{&quot;background_background&quot;:&quot;classic&quot;}\">\n\t\t\t\t\t\t\t<div class=\"elementor-background-overlay\"><\/div>\n\t\t\t\t\t\t\t<div class=\"elementor-container elementor-column-gap-default\">\n\t\t\t\t\t<div class=\"elementor-column elementor-col-50 elementor-top-column elementor-element elementor-element-bc86837\" data-id=\"bc86837\" data-element_type=\"column\">\n\t\t\t<div class=\"elementor-widget-wrap elementor-element-populated\">\n\t\t\t\t\t\t\t\t<div class=\"elementor-element elementor-element-1af46d5 elementor-invisible elementor-widget elementor-widget-heading\" data-id=\"1af46d5\" data-element_type=\"widget\" data-settings=\"{&quot;_animation&quot;:&quot;fadeInUp&quot;,&quot;_animation_delay&quot;:100}\" data-widget_type=\"heading.default\">\n\t\t\t\t<div class=\"elementor-widget-container\">\n\t\t\t<h1 class=\"elementor-heading-title elementor-size-xl\">Buscamos continuamente la excelencia en todo lo que hacemos garantizando la satisfacci\u00f3n del cliente.<\/h1>\t\t<\/div>\n\t\t\t\t<\/div>\n\t\t\t\t\t<\/div>\n\t\t<\/div>\n\t\t\t\t<div class=\"elementor-column elementor-col-50 elementor-top-column elementor-element elementor-element-cd48ee0\" data-id=\"cd48ee0\" data-element_type=\"column\">\n\t\t\t<div class=\"elementor-widget-wrap elementor-element-populated\">\n\t\t\t\t\t\t\t\t<div class=\"elementor-element elementor-element-7b70058 elementor-widget__width-auto elementor-widget-divider--view-line elementor-invisible elementor-widget elementor-widget-divider\" data-id=\"7b70058\" data-element_type=\"widget\" data-settings=\"{&quot;_animation&quot;:&quot;fadeInUp&quot;}\" data-widget_type=\"divider.default\">\n\t\t\t\t<div class=\"elementor-widget-container\">\n\t\t\t\t\t<div class=\"elementor-divider\">\n\t\t\t<span class=\"elementor-divider-separator\">\n\t\t\t\t\t\t<\/span>\n\t\t<\/div>\n\t\t\t\t<\/div>\n\t\t\t\t<\/div>\n\t\t\t\t<div class=\"elementor-element elementor-element-7431020 elementor-invisible elementor-widget elementor-widget-image\" data-id=\"7431020\" data-element_type=\"widget\" data-settings=\"{&quot;_animation&quot;:&quot;zoomIn&quot;}\" data-widget_type=\"image.default\">\n\t\t\t\t<div class=\"elementor-widget-container\">\n\t\t\t\t\t\t\t\t\t\t\t\t\t\t\t<img loading=\"lazy\" decoding=\"async\" width=\"2560\" height=\"1440\" src=\"https:\/\/servertechcol.co\/wp-content\/uploads\/2023\/12\/outsourcing-recursos-humanos-global-business-industry-concept-freelance-outsource-international-partnership-scaled.jpg\" class=\"attachment-full size-full wp-image-1788\" alt=\"\" srcset=\"https:\/\/servertechcol.co\/wp-content\/uploads\/2023\/12\/outsourcing-recursos-humanos-global-business-industry-concept-freelance-outsource-international-partnership-scaled.jpg 2560w, https:\/\/servertechcol.co\/wp-content\/uploads\/2023\/12\/outsourcing-recursos-humanos-global-business-industry-concept-freelance-outsource-international-partnership-300x169.jpg 300w, https:\/\/servertechcol.co\/wp-content\/uploads\/2023\/12\/outsourcing-recursos-humanos-global-business-industry-concept-freelance-outsource-international-partnership-1024x576.jpg 1024w, https:\/\/servertechcol.co\/wp-content\/uploads\/2023\/12\/outsourcing-recursos-humanos-global-business-industry-concept-freelance-outsource-international-partnership-768x432.jpg 768w, https:\/\/servertechcol.co\/wp-content\/uploads\/2023\/12\/outsourcing-recursos-humanos-global-business-industry-concept-freelance-outsource-international-partnership-1536x864.jpg 1536w, https:\/\/servertechcol.co\/wp-content\/uploads\/2023\/12\/outsourcing-recursos-humanos-global-business-industry-concept-freelance-outsource-international-partnership-2048x1152.jpg 2048w\" sizes=\"auto, (max-width: 2560px) 100vw, 2560px\" \/>\t\t\t\t\t\t\t\t\t\t\t\t\t\t\t<\/div>\n\t\t\t\t<\/div>\n\t\t\t\t<div class=\"elementor-element elementor-element-f120fb2 elementor-widget-divider--view-line elementor-widget elementor-widget-divider\" data-id=\"f120fb2\" data-element_type=\"widget\" data-widget_type=\"divider.default\">\n\t\t\t\t<div class=\"elementor-widget-container\">\n\t\t\t\t\t<div class=\"elementor-divider\">\n\t\t\t<span class=\"elementor-divider-separator\">\n\t\t\t\t\t\t<\/span>\n\t\t<\/div>\n\t\t\t\t<\/div>\n\t\t\t\t<\/div>\n\t\t\t\t\t<\/div>\n\t\t<\/div>\n\t\t\t\t\t\t\t<\/div>\n\t\t<\/section>\n\t\t\t\t\t\t\t<\/div>\n\t\t","protected":false},"excerpt":{"rendered":"<p>Home \/ Servicios Consultor\u00eda Gesti\u00f3n TI. Consultor\u00eda Gesti\u00f3n TI. \u00bfNecesitas orientaci\u00f3n estrat\u00e9gica para optimizar tus recursos tecnol\u00f3gicos? En SERVERTECH COLOMBIA S.A.S contamos con un equipo de profesionales de alto nivel con s\u00f3lida experiencia, disciplina y mejores pr\u00e1cticas que le ayudar\u00e1n a trazar un camino claro hacia la innovaci\u00f3n y la eficiencia.\u00a0 Apoyamos a nuestros clientes [&hellip;]<\/p>\n","protected":false},"author":1,"featured_media":0,"parent":76,"menu_order":0,"comment_status":"closed","ping_status":"closed","template":"elementor_canvas","meta":{"_joinchat":[],"footnotes":""},"class_list":["post-1261","page","type-page","status-publish","hentry"],"_links":{"self":[{"href":"https:\/\/servertechcol.co\/index.php\/wp-json\/wp\/v2\/pages\/1261","targetHints":{"allow":["GET"]}}],"collection":[{"href":"https:\/\/servertechcol.co\/index.php\/wp-json\/wp\/v2\/pages"}],"about":[{"href":"https:\/\/servertechcol.co\/index.php\/wp-json\/wp\/v2\/types\/page"}],"author":[{"embeddable":true,"href":"https:\/\/servertechcol.co\/index.php\/wp-json\/wp\/v2\/users\/1"}],"replies":[{"embeddable":true,"href":"https:\/\/servertechcol.co\/index.php\/wp-json\/wp\/v2\/comments?post=1261"}],"version-history":[{"count":72,"href":"https:\/\/servertechcol.co\/index.php\/wp-json\/wp\/v2\/pages\/1261\/revisions"}],"predecessor-version":[{"id":2745,"href":"https:\/\/servertechcol.co\/index.php\/wp-json\/wp\/v2\/pages\/1261\/revisions\/2745"}],"up":[{"embeddable":true,"href":"https:\/\/servertechcol.co\/index.php\/wp-json\/wp\/v2\/pages\/76"}],"wp:attachment":[{"href":"https:\/\/servertechcol.co\/index.php\/wp-json\/wp\/v2\/media?parent=1261"}],"curies":[{"name":"wp","href":"https:\/\/api.w.org\/{rel}","templated":true}]}}